{"id":5373,"date":"2022-08-25T02:37:22","date_gmt":"2022-08-25T02:37:22","guid":{"rendered":"http:\/\/br908.teste.website\/~rotapr51\/?page_id=5373"},"modified":"2022-09-05T21:03:25","modified_gmt":"2022-09-05T21:03:25","slug":"clientes","status":"publish","type":"page","link":"http:\/\/br908.teste.website\/~rotapr51\/clientes\/","title":{"rendered":"Clientes"},"content":{"rendered":"\t\t<div data-elementor-type=\"wp-page\" data-elementor-id=\"5373\" class=\"elementor elementor-5373\">\n\t\t\t\t\t\t\t\t\t<section class=\"elementor-section elementor-top-section elementor-element elementor-element-6d1aceb8 elementor-section-content-middle elementor-section-boxed elementor-section-height-default elementor-section-height-default\" data-id=\"6d1aceb8\" data-element_type=\"section\" data-settings=\"{&quot;background_background&quot;:&quot;classic&quot;}\">\n\t\t\t\t\t\t\t<div class=\"elementor-background-overlay\"><\/div>\n\t\t\t\t\t\t\t<div class=\"elementor-container elementor-column-gap-default\">\n\t\t\t\t\t<div class=\"elementor-column elementor-col-100 elementor-top-column elementor-element elementor-element-4ace7d52\" data-id=\"4ace7d52\" data-element_type=\"column\">\n\t\t\t<div class=\"elementor-widget-wrap elementor-element-populated\">\n\t\t\t\t\t\t\t\t<div class=\"elementor-element elementor-element-611bb56d elementor-widget elementor-widget-heading\" data-id=\"611bb56d\" data-element_type=\"widget\" data-widget_type=\"heading.default\">\n\t\t\t\t<div class=\"elementor-widget-container\">\n\t\t\t<style>\/*! elementor - v3.7.2 - 21-08-2022 *\/\n.elementor-heading-title{padding:0;margin:0;line-height:1}.elementor-widget-heading .elementor-heading-title[class*=elementor-size-]>a{color:inherit;font-size:inherit;line-height:inherit}.elementor-widget-heading .elementor-heading-title.elementor-size-small{font-size:15px}.elementor-widget-heading .elementor-heading-title.elementor-size-medium{font-size:19px}.elementor-widget-heading .elementor-heading-title.elementor-size-large{font-size:29px}.elementor-widget-heading .elementor-heading-title.elementor-size-xl{font-size:39px}.elementor-widget-heading .elementor-heading-title.elementor-size-xxl{font-size:59px}<\/style><h1 class=\"elementor-heading-title elementor-size-default\">Clientes<\/h1>\t\t<\/div>\n\t\t\t\t<\/div>\n\t\t\t\t<section class=\"elementor-section elementor-inner-section elementor-element elementor-element-44bf729 elementor-section-boxed elementor-section-height-default elementor-section-height-default\" data-id=\"44bf729\" data-element_type=\"section\">\n\t\t\t\t\t\t<div class=\"elementor-container elementor-column-gap-default\">\n\t\t\t\t\t<div class=\"elementor-column elementor-col-16 elementor-inner-column elementor-element elementor-element-9067a8f\" data-id=\"9067a8f\" data-element_type=\"column\">\n\t\t\t<div class=\"elementor-widget-wrap\">\n\t\t\t\t\t\t\t\t\t<\/div>\n\t\t<\/div>\n\t\t\t\t<div class=\"elementor-column elementor-col-66 elementor-inner-column elementor-element elementor-element-98d1320\" data-id=\"98d1320\" data-element_type=\"column\">\n\t\t\t<div class=\"elementor-widget-wrap elementor-element-populated\">\n\t\t\t\t\t\t\t\t<div class=\"elementor-element elementor-element-9ca66be elementor-widget elementor-widget-text-editor\" data-id=\"9ca66be\" data-element_type=\"widget\" data-widget_type=\"text-editor.default\">\n\t\t\t\t<div class=\"elementor-widget-container\">\n\t\t\t<style>\/*! elementor - v3.7.2 - 21-08-2022 *\/\n.elementor-widget-text-editor.elementor-drop-cap-view-stacked .elementor-drop-cap{background-color:#818a91;color:#fff}.elementor-widget-text-editor.elementor-drop-cap-view-framed .elementor-drop-cap{color:#818a91;border:3px solid;background-color:transparent}.elementor-widget-text-editor:not(.elementor-drop-cap-view-default) .elementor-drop-cap{margin-top:8px}.elementor-widget-text-editor:not(.elementor-drop-cap-view-default) .elementor-drop-cap-letter{width:1em;height:1em}.elementor-widget-text-editor .elementor-drop-cap{float:left;text-align:center;line-height:1;font-size:50px}.elementor-widget-text-editor .elementor-drop-cap-letter{display:inline-block}<\/style>\t\t\t\t<p style=\"text-align: center;\">Possu\u00edmos grandes parceiros e clientes, que fazem a Rota Premium Distribuidora crescer cada vez mais no segmento de distribui\u00e7\u00e3o de alimentos.<\/p>\t\t\t\t\t\t<\/div>\n\t\t\t\t<\/div>\n\t\t\t\t\t<\/div>\n\t\t<\/div>\n\t\t\t\t<div class=\"elementor-column elementor-col-16 elementor-inner-column elementor-element elementor-element-ec5bcb3\" data-id=\"ec5bcb3\" data-element_type=\"column\">\n\t\t\t<div class=\"elementor-widget-wrap\">\n\t\t\t\t\t\t\t\t\t<\/div>\n\t\t<\/div>\n\t\t\t\t\t\t\t<\/div>\n\t\t<\/section>\n\t\t\t\t\t<\/div>\n\t\t<\/div>\n\t\t\t\t\t\t\t<\/div>\n\t\t<\/section>\n\t\t\t\t<section class=\"elementor-section elementor-top-section elementor-element elementor-element-1a079656 elementor-section-content-middle elementor-section-height-min-height elementor-section-boxed elementor-section-height-default elementor-section-items-middle\" data-id=\"1a079656\" data-element_type=\"section\" data-settings=\"{&quot;background_background&quot;:&quot;classic&quot;}\">\n\t\t\t\t\t\t<div class=\"elementor-container elementor-column-gap-default\">\n\t\t\t\t\t<div class=\"elementor-column elementor-col-100 elementor-top-column elementor-element elementor-element-4cf40fe2\" data-id=\"4cf40fe2\" data-element_type=\"column\" data-settings=\"{&quot;background_background&quot;:&quot;classic&quot;}\">\n\t\t\t<div class=\"elementor-widget-wrap elementor-element-populated\">\n\t\t\t\t\t\t\t\t<div class=\"elementor-element elementor-element-71a07fb0 elementor-widget elementor-widget-image\" data-id=\"71a07fb0\" data-element_type=\"widget\" data-widget_type=\"image.default\">\n\t\t\t\t<div class=\"elementor-widget-container\">\n\t\t\t<style>\/*! elementor - v3.7.2 - 21-08-2022 *\/\n.elementor-widget-image{text-align:center}.elementor-widget-image a{display:inline-block}.elementor-widget-image a img[src$=\".svg\"]{width:48px}.elementor-widget-image img{vertical-align:middle;display:inline-block}<\/style>\t\t\t\t\t\t\t\t\t\t\t\t<img loading=\"lazy\" decoding=\"async\" width=\"67\" height=\"135\" src=\"http:\/\/br908.teste.website\/~rotapr51\/wp-content\/uploads\/2022\/08\/fav.svg\" class=\"attachment-full size-full\" alt=\"\" \/>\t\t\t\t\t\t\t\t\t\t\t\t\t\t\t<\/div>\n\t\t\t\t<\/div>\n\t\t\t\t<section class=\"elementor-section elementor-inner-section elementor-element elementor-element-3cd832d4 elementor-section-content-top elementor-section-boxed elementor-section-height-default elementor-section-height-default\" data-id=\"3cd832d4\" data-element_type=\"section\">\n\t\t\t\t\t\t<div class=\"elementor-container elementor-column-gap-default\">\n\t\t\t\t\t<div class=\"elementor-column elementor-col-33 elementor-inner-column elementor-element elementor-element-cb41c2b\" data-id=\"cb41c2b\" data-element_type=\"column\" data-settings=\"{&quot;background_background&quot;:&quot;classic&quot;}\">\n\t\t\t<div class=\"elementor-widget-wrap elementor-element-populated\">\n\t\t\t\t\t\t\t\t<div class=\"elementor-element elementor-element-78c292d elementor-widget elementor-widget-image\" data-id=\"78c292d\" data-element_type=\"widget\" data-widget_type=\"image.default\">\n\t\t\t\t<div class=\"elementor-widget-container\">\n\t\t\t\t\t\t\t\t\t\t\t\t\t\t\t<img loading=\"lazy\" decoding=\"async\" width=\"270\" height=\"185\" src=\"http:\/\/br908.teste.website\/~rotapr51\/wp-content\/uploads\/2022\/08\/super-todo-dia.jpg\" class=\"attachment-large size-large\" alt=\"\" \/>\t\t\t\t\t\t\t\t\t\t\t\t\t\t\t<\/div>\n\t\t\t\t<\/div>\n\t\t\t\t\t<\/div>\n\t\t<\/div>\n\t\t\t\t<div class=\"elementor-column elementor-col-33 elementor-inner-column elementor-element elementor-element-e397af4\" data-id=\"e397af4\" data-element_type=\"column\" data-settings=\"{&quot;background_background&quot;:&quot;classic&quot;}\">\n\t\t\t<div class=\"elementor-widget-wrap elementor-element-populated\">\n\t\t\t\t\t\t\t\t<div class=\"elementor-element elementor-element-4cd8d64 elementor-widget elementor-widget-image\" data-id=\"4cd8d64\" data-element_type=\"widget\" data-widget_type=\"image.default\">\n\t\t\t\t<div class=\"elementor-widget-container\">\n\t\t\t\t\t\t\t\t\t\t\t\t\t\t\t<img loading=\"lazy\" decoding=\"async\" width=\"270\" height=\"185\" src=\"http:\/\/br908.teste.website\/~rotapr51\/wp-content\/uploads\/2022\/08\/mega-bom-super.jpg\" class=\"attachment-large size-large\" alt=\"\" \/>\t\t\t\t\t\t\t\t\t\t\t\t\t\t\t<\/div>\n\t\t\t\t<\/div>\n\t\t\t\t\t<\/div>\n\t\t<\/div>\n\t\t\t\t<div class=\"elementor-column elementor-col-33 elementor-inner-column elementor-element elementor-element-3efb8404\" data-id=\"3efb8404\" data-element_type=\"column\" data-settings=\"{&quot;background_background&quot;:&quot;classic&quot;}\">\n\t\t\t<div class=\"elementor-widget-wrap elementor-element-populated\">\n\t\t\t\t\t\t\t\t<div class=\"elementor-element elementor-element-31d3732 elementor-widget elementor-widget-image\" data-id=\"31d3732\" data-element_type=\"widget\" data-widget_type=\"image.default\">\n\t\t\t\t<div class=\"elementor-widget-container\">\n\t\t\t\t\t\t\t\t\t\t\t\t\t\t\t<img loading=\"lazy\" decoding=\"async\" width=\"270\" height=\"185\" src=\"http:\/\/br908.teste.website\/~rotapr51\/wp-content\/uploads\/2022\/08\/mercadao-carnes.jpg\" class=\"attachment-large size-large\" alt=\"\" \/>\t\t\t\t\t\t\t\t\t\t\t\t\t\t\t<\/div>\n\t\t\t\t<\/div>\n\t\t\t\t\t<\/div>\n\t\t<\/div>\n\t\t\t\t\t\t\t<\/div>\n\t\t<\/section>\n\t\t\t\t<section class=\"elementor-section elementor-inner-section elementor-element elementor-element-da8758c elementor-section-content-middle elementor-section-boxed elementor-section-height-default elementor-section-height-default\" data-id=\"da8758c\" data-element_type=\"section\">\n\t\t\t\t\t\t<div class=\"elementor-container elementor-column-gap-default\">\n\t\t\t\t\t<div class=\"elementor-column elementor-col-33 elementor-inner-column elementor-element elementor-element-fd11581\" data-id=\"fd11581\" data-element_type=\"column\" data-settings=\"{&quot;background_background&quot;:&quot;classic&quot;}\">\n\t\t\t<div class=\"elementor-widget-wrap elementor-element-populated\">\n\t\t\t\t\t\t\t\t<div class=\"elementor-element elementor-element-604c131 elementor-widget elementor-widget-image\" data-id=\"604c131\" data-element_type=\"widget\" data-widget_type=\"image.default\">\n\t\t\t\t<div class=\"elementor-widget-container\">\n\t\t\t\t\t\t\t\t\t\t\t\t\t\t\t<img loading=\"lazy\" decoding=\"async\" width=\"270\" height=\"185\" src=\"http:\/\/br908.teste.website\/~rotapr51\/wp-content\/uploads\/2022\/08\/lojas-americanas.jpg\" class=\"attachment-large size-large\" alt=\"\" \/>\t\t\t\t\t\t\t\t\t\t\t\t\t\t\t<\/div>\n\t\t\t\t<\/div>\n\t\t\t\t\t<\/div>\n\t\t<\/div>\n\t\t\t\t<div class=\"elementor-column elementor-col-33 elementor-inner-column elementor-element elementor-element-9da7177\" data-id=\"9da7177\" data-element_type=\"column\" data-settings=\"{&quot;background_background&quot;:&quot;classic&quot;}\">\n\t\t\t<div class=\"elementor-widget-wrap elementor-element-populated\">\n\t\t\t\t\t\t\t\t<div class=\"elementor-element elementor-element-3148542 elementor-widget elementor-widget-image\" data-id=\"3148542\" data-element_type=\"widget\" data-widget_type=\"image.default\">\n\t\t\t\t<div class=\"elementor-widget-container\">\n\t\t\t\t\t\t\t\t\t\t\t\t\t\t\t<img loading=\"lazy\" decoding=\"async\" width=\"480\" height=\"235\" src=\"http:\/\/br908.teste.website\/~rotapr51\/wp-content\/uploads\/2022\/09\/gbarbosa.jpg\" class=\"attachment-large size-large\" alt=\"\" srcset=\"http:\/\/br908.teste.website\/~rotapr51\/wp-content\/uploads\/2022\/09\/gbarbosa.jpg 480w, http:\/\/br908.teste.website\/~rotapr51\/wp-content\/uploads\/2022\/09\/gbarbosa-300x147.jpg 300w\" sizes=\"auto, (max-width: 480px) 100vw, 480px\" \/>\t\t\t\t\t\t\t\t\t\t\t\t\t\t\t<\/div>\n\t\t\t\t<\/div>\n\t\t\t\t\t<\/div>\n\t\t<\/div>\n\t\t\t\t<div class=\"elementor-column elementor-col-33 elementor-inner-column elementor-element elementor-element-8d54d15\" data-id=\"8d54d15\" data-element_type=\"column\" data-settings=\"{&quot;background_background&quot;:&quot;classic&quot;}\">\n\t\t\t<div class=\"elementor-widget-wrap elementor-element-populated\">\n\t\t\t\t\t\t\t\t<div class=\"elementor-element elementor-element-79b0fbd elementor-widget elementor-widget-image\" data-id=\"79b0fbd\" data-element_type=\"widget\" data-widget_type=\"image.default\">\n\t\t\t\t<div class=\"elementor-widget-container\">\n\t\t\t\t\t\t\t\t\t\t\t\t\t\t\t<img loading=\"lazy\" decoding=\"async\" width=\"1024\" height=\"602\" src=\"http:\/\/br908.teste.website\/~rotapr51\/wp-content\/uploads\/2022\/09\/big-bom-preco-logo-1024x602.png\" class=\"attachment-large size-large\" alt=\"\" srcset=\"http:\/\/br908.teste.website\/~rotapr51\/wp-content\/uploads\/2022\/09\/big-bom-preco-logo-1024x602.png 1024w, http:\/\/br908.teste.website\/~rotapr51\/wp-content\/uploads\/2022\/09\/big-bom-preco-logo-300x176.png 300w, http:\/\/br908.teste.website\/~rotapr51\/wp-content\/uploads\/2022\/09\/big-bom-preco-logo-768x452.png 768w, http:\/\/br908.teste.website\/~rotapr51\/wp-content\/uploads\/2022\/09\/big-bom-preco-logo-1536x904.png 1536w, http:\/\/br908.teste.website\/~rotapr51\/wp-content\/uploads\/2022\/09\/big-bom-preco-logo-2048x1205.png 2048w, http:\/\/br908.teste.website\/~rotapr51\/wp-content\/uploads\/2022\/09\/big-bom-preco-logo-600x353.png 600w\" sizes=\"auto, (max-width: 1024px) 100vw, 1024px\" \/>\t\t\t\t\t\t\t\t\t\t\t\t\t\t\t<\/div>\n\t\t\t\t<\/div>\n\t\t\t\t\t<\/div>\n\t\t<\/div>\n\t\t\t\t\t\t\t<\/div>\n\t\t<\/section>\n\t\t\t\t<section class=\"elementor-section elementor-inner-section elementor-element elementor-element-ee22fd3 elementor-section-content-middle elementor-section-boxed elementor-section-height-default elementor-section-height-default\" data-id=\"ee22fd3\" data-element_type=\"section\">\n\t\t\t\t\t\t<div class=\"elementor-container elementor-column-gap-default\">\n\t\t\t\t\t<div class=\"elementor-column elementor-col-33 elementor-inner-column elementor-element elementor-element-928df0b\" data-id=\"928df0b\" data-element_type=\"column\" data-settings=\"{&quot;background_background&quot;:&quot;classic&quot;}\">\n\t\t\t<div class=\"elementor-widget-wrap elementor-element-populated\">\n\t\t\t\t\t\t\t\t<div class=\"elementor-element elementor-element-ebcc832 elementor-widget elementor-widget-image\" data-id=\"ebcc832\" data-element_type=\"widget\" data-widget_type=\"image.default\">\n\t\t\t\t<div class=\"elementor-widget-container\">\n\t\t\t\t\t\t\t\t\t\t\t\t\t\t\t<img loading=\"lazy\" decoding=\"async\" width=\"1024\" height=\"764\" src=\"http:\/\/br908.teste.website\/~rotapr51\/wp-content\/uploads\/2022\/09\/assai-atacadista-logo-1-1024x764.png\" class=\"attachment-large size-large\" alt=\"\" srcset=\"http:\/\/br908.teste.website\/~rotapr51\/wp-content\/uploads\/2022\/09\/assai-atacadista-logo-1-1024x764.png 1024w, http:\/\/br908.teste.website\/~rotapr51\/wp-content\/uploads\/2022\/09\/assai-atacadista-logo-1-300x224.png 300w, http:\/\/br908.teste.website\/~rotapr51\/wp-content\/uploads\/2022\/09\/assai-atacadista-logo-1-768x573.png 768w, http:\/\/br908.teste.website\/~rotapr51\/wp-content\/uploads\/2022\/09\/assai-atacadista-logo-1-1536x1146.png 1536w, http:\/\/br908.teste.website\/~rotapr51\/wp-content\/uploads\/2022\/09\/assai-atacadista-logo-1-2048x1528.png 2048w, http:\/\/br908.teste.website\/~rotapr51\/wp-content\/uploads\/2022\/09\/assai-atacadista-logo-1-600x448.png 600w\" sizes=\"auto, (max-width: 1024px) 100vw, 1024px\" \/>\t\t\t\t\t\t\t\t\t\t\t\t\t\t\t<\/div>\n\t\t\t\t<\/div>\n\t\t\t\t\t<\/div>\n\t\t<\/div>\n\t\t\t\t<div class=\"elementor-column elementor-col-33 elementor-inner-column elementor-element elementor-element-c438a77\" data-id=\"c438a77\" data-element_type=\"column\" data-settings=\"{&quot;background_background&quot;:&quot;classic&quot;}\">\n\t\t\t<div class=\"elementor-widget-wrap elementor-element-populated\">\n\t\t\t\t\t\t\t\t<div class=\"elementor-element elementor-element-21f0581 elementor-widget elementor-widget-image\" data-id=\"21f0581\" data-element_type=\"widget\" data-widget_type=\"image.default\">\n\t\t\t\t<div class=\"elementor-widget-container\">\n\t\t\t\t\t\t\t\t\t\t\t\t\t\t\t<img loading=\"lazy\" decoding=\"async\" width=\"300\" height=\"191\" src=\"http:\/\/br908.teste.website\/~rotapr51\/wp-content\/uploads\/2022\/09\/mix-mateus-logo-FCE1F38384-seeklogo.com_.png\" class=\"attachment-large size-large\" alt=\"\" \/>\t\t\t\t\t\t\t\t\t\t\t\t\t\t\t<\/div>\n\t\t\t\t<\/div>\n\t\t\t\t\t<\/div>\n\t\t<\/div>\n\t\t\t\t<div class=\"elementor-column elementor-col-33 elementor-inner-column elementor-element elementor-element-0636a7c\" data-id=\"0636a7c\" data-element_type=\"column\" data-settings=\"{&quot;background_background&quot;:&quot;classic&quot;}\">\n\t\t\t<div class=\"elementor-widget-wrap elementor-element-populated\">\n\t\t\t\t\t\t\t\t<div class=\"elementor-element elementor-element-81d3774 elementor-widget elementor-widget-image\" data-id=\"81d3774\" data-element_type=\"widget\" data-widget_type=\"image.default\">\n\t\t\t\t<div class=\"elementor-widget-container\">\n\t\t\t\t\t\t\t\t\t\t\t\t\t\t\t<img loading=\"lazy\" decoding=\"async\" width=\"1024\" height=\"287\" src=\"http:\/\/br908.teste.website\/~rotapr51\/wp-content\/uploads\/2022\/09\/atacadao-logo-1024x287.png\" class=\"attachment-large size-large\" alt=\"\" srcset=\"http:\/\/br908.teste.website\/~rotapr51\/wp-content\/uploads\/2022\/09\/atacadao-logo-1024x287.png 1024w, http:\/\/br908.teste.website\/~rotapr51\/wp-content\/uploads\/2022\/09\/atacadao-logo-300x84.png 300w, http:\/\/br908.teste.website\/~rotapr51\/wp-content\/uploads\/2022\/09\/atacadao-logo-768x215.png 768w, http:\/\/br908.teste.website\/~rotapr51\/wp-content\/uploads\/2022\/09\/atacadao-logo-1536x431.png 1536w, http:\/\/br908.teste.website\/~rotapr51\/wp-content\/uploads\/2022\/09\/atacadao-logo-2048x574.png 2048w, http:\/\/br908.teste.website\/~rotapr51\/wp-content\/uploads\/2022\/09\/atacadao-logo-600x168.png 600w\" sizes=\"auto, (max-width: 1024px) 100vw, 1024px\" \/>\t\t\t\t\t\t\t\t\t\t\t\t\t\t\t<\/div>\n\t\t\t\t<\/div>\n\t\t\t\t\t<\/div>\n\t\t<\/div>\n\t\t\t\t\t\t\t<\/div>\n\t\t<\/section>\n\t\t\t\t\t<\/div>\n\t\t<\/div>\n\t\t\t\t\t\t\t<\/div>\n\t\t<\/section>\n\t\t\t\t\t\t\t<\/div>\n\t\t","protected":false},"excerpt":{"rendered":"<p>Clientes Possu\u00edmos grandes parceiros e clientes, que fazem a Rota Premium Distribuidora crescer cada vez mais no segmento de distribui\u00e7\u00e3o de alimentos.<\/p>\n","protected":false},"author":2,"featured_media":0,"parent":0,"menu_order":0,"comment_status":"closed","ping_status":"closed","template":"","meta":{"inline_featured_image":false,"site-sidebar-layout":"no-sidebar","site-content-layout":"page-builder","ast-global-header-display":"","ast-main-header-display":"","ast-hfb-above-header-display":"","ast-hfb-below-header-display":"","ast-hfb-mobile-header-display":"","site-post-title":"disabled","ast-breadcrumbs-content":"","ast-featured-img":"disabled","footer-sml-layout":"","theme-transparent-header-meta":"","adv-header-id-meta":"","stick-header-meta":"","header-above-stick-meta":"","header-main-stick-meta":"","header-below-stick-meta":"","footnotes":""},"class_list":["post-5373","page","type-page","status-publish","hentry"],"_links":{"self":[{"href":"http:\/\/br908.teste.website\/~rotapr51\/wp-json\/wp\/v2\/pages\/5373","targetHints":{"allow":["GET"]}}],"collection":[{"href":"http:\/\/br908.teste.website\/~rotapr51\/wp-json\/wp\/v2\/pages"}],"about":[{"href":"http:\/\/br908.teste.website\/~rotapr51\/wp-json\/wp\/v2\/types\/page"}],"author":[{"embeddable":true,"href":"http:\/\/br908.teste.website\/~rotapr51\/wp-json\/wp\/v2\/users\/2"}],"replies":[{"embeddable":true,"href":"http:\/\/br908.teste.website\/~rotapr51\/wp-json\/wp\/v2\/comments?post=5373"}],"version-history":[{"count":20,"href":"http:\/\/br908.teste.website\/~rotapr51\/wp-json\/wp\/v2\/pages\/5373\/revisions"}],"predecessor-version":[{"id":5498,"href":"http:\/\/br908.teste.website\/~rotapr51\/wp-json\/wp\/v2\/pages\/5373\/revisions\/5498"}],"wp:attachment":[{"href":"http:\/\/br908.teste.website\/~rotapr51\/wp-json\/wp\/v2\/media?parent=5373"}],"curies":[{"name":"wp","href":"https:\/\/api.w.org\/{rel}","templated":true}]}}